{"id":238110,"date":"2022-01-27T20:45:12","date_gmt":"2022-01-27T19:45:12","guid":{"rendered":"https:\/\/vmu.zra.mybluehost.me\/riopiccolo2021\/wie-sie-uns-erreichen\/"},"modified":"2023-02-23T19:26:40","modified_gmt":"2023-02-23T18:26:40","slug":"wie-sie-uns-erreichen","status":"publish","type":"page","link":"https:\/\/www.residencestefenine.it\/de\/wie-sie-uns-erreichen\/","title":{"rendered":"Wie sie uns erreichen"},"content":{"rendered":"<p>[et_pb_section fb_built=&#8221;1&#8243; _builder_version=&#8221;4.9.1&#8243; _module_preset=&#8221;default&#8221;][et_pb_row column_structure=&#8221;3_4,1_4&#8243; _builder_version=&#8221;4.9.1&#8243; _module_preset=&#8221;default&#8221; width=&#8221;100%&#8221; max_width=&#8221;1180px&#8221; max_width_tablet=&#8221;85%&#8221; max_width_phone=&#8221;&#8221; max_width_last_edited=&#8221;on|phone&#8221; border_width_bottom=&#8221;1px&#8221; border_color_bottom=&#8221;gcid-33c2a7d3-386f-4e83-90be-52abfa6951d3&#8243; border_style_bottom=&#8221;double&#8221; global_colors_info=&#8221;{%22gcid-456496e3-ee3d-4ac0-a80c-675dd5a449c2%22:%91%93,%22gcid-c2889c22-1496-436a-b1ee-d8ba40fc28b2%22:%91%93,%22gcid-33c2a7d3-386f-4e83-90be-52abfa6951d3%22:%91%22border_color_bottom%22%93}&#8221;][et_pb_column type=&#8221;3_4&#8243; _builder_version=&#8221;4.8.1&#8243; _module_preset=&#8221;default&#8221;][et_pb_cta title=&#8221;Wie sie uns erreichen&#8221; _builder_version=&#8221;4.9.1&#8243; _module_preset=&#8221;default&#8221; header_level=&#8221;h1&#8243; header_font=&#8221;Poppins|600|||||||&#8221; header_text_align=&#8221;center&#8221; header_text_color=&#8221;#998d85&#8243; header_font_size=&#8221;40px&#8221; body_font=&#8221;Open Sans||||||||&#8221; body_text_color=&#8221;#979191&#8243; body_font_size=&#8221;19px&#8221; background_color=&#8221;RGBA(0,0,0,0)&#8221; text_orientation=&#8221;left&#8221; custom_padding=&#8221;||2px|0px||&#8221;]&nbsp;<\/p>\n<p><strong>MIT DEM AUTO:<\/strong> Autobahn A22 Modena\u2013Brennero, von der Ausfahrt S. Michele all\u2019Adige f\u00e4hrt man \u00fcber die S.S. 43 nach Mezzolombardo und dann biegt man links auf die S.P. 64 nach Fai della Paganella, Andalo und Molveno ab (20km) oder man biegt erst an der n\u00e4chsten Kreuzung links ab auf die S.S. 21 nach Spormaggiore und Cavedago bis nach Andalo (21km).<br \/>\nAls Alternative bietet sich (von S\u00fcden kommend) die Ausfahrt Trento Nord an, man verfolgt die neue Umgehungsstra\u00dfe Richtung Norden und benutzt den neuen Tunnel in der N\u00e4he von Mezzolombardo (empfehlenswerte Strecke).<br \/>\nWir empfehlen nicht dem Navigator zu folgen, der h\u00e4ufig als k\u00fcrzeste Strecke die Ausfahrt Trento Centro in Richtung Vela\/Riva del Garda vorschl\u00e4gt.<\/p>\n<p>&nbsp;<\/p>\n<p><strong>MIT DEM ZUG: <\/strong> Brennero-Verona, station of Trento ( 40 km) or Mezzocorona (20 km) Everyday there are some links with line \u2013buses starting from the railway station.<br \/>\nBuchung und Infos:<br \/>\n<a href=\"https:\/\/www.genzianaviaggi.com\/\">www.genzianaviaggi.com<\/a><br \/>\nKosten: Euro 15,00 pro Person Hin- und R\u00fcckfahrt, Kinder unter 2 Jahren frei<\/p>\n<p>&nbsp;<\/p>\n<p><strong>MIT DEM FLUGZEUG: <\/strong> Flughafen \u201cValerio Catullo\u201d (130km) in Verona oder \u201cMontichiari\u201d in Brescia (170 km), \u201cOrio al Serio\u201d in Bergamo, oder Venedig \u201cMarco Polo\u201d oder in Mailand \u201cLinate\u201d oder \u201cMalpensa\u201d.[\/et_pb_cta][\/et_pb_column][et_pb_column type=&#8221;1_4&#8243; _builder_version=&#8221;4.8.1&#8243; _module_preset=&#8221;default&#8221;][et_pb_cta title=&#8221;Unsere GPS Koordinaten&#8221; _builder_version=&#8221;4.9.1&#8243; _module_preset=&#8221;default&#8221; header_font=&#8221;Poppins||||||||&#8221; body_font=&#8221;Poppins||||||||&#8221; text_orientation=&#8221;left&#8221; custom_margin=&#8221;160px||||false|false&#8221; custom_margin_tablet=&#8221;0px||||false|false&#8221; custom_margin_phone=&#8221;&#8221; custom_margin_last_edited=&#8221;on|desktop&#8221; global_colors_info=&#8221;{%22gcid-456496e3-ee3d-4ac0-a80c-675dd5a449c2%22:%91%93,%22gcid-c2889c22-1496-436a-b1ee-d8ba40fc28b2%22:%91%22background_color%22%93}&#8221; background_color=&#8221;gcid-c2889c22-1496-436a-b1ee-d8ba40fc28b2&#8243;]<\/p>\n<p>Breite N: 46.14016724<br \/>L\u00e4nge: 10.96142387<\/p>\n<p>_________________<\/p>\n<p><span style=\"font-size: x-large;\">Adressdaten<\/span><\/p>\n<p>Residence Stefenine<br \/>via Lungolago, 4<br \/>38018 Molveno<br \/>Trentino &#8211; Italia<\/p>\n<p>[\/et_pb_cta][\/et_pb_column][\/et_pb_row][\/et_pb_section][et_pb_section fb_built=&#8221;1&#8243; disabled_on=&#8221;off|off|off&#8221; admin_label=&#8221;Section&#8221; _builder_version=&#8221;4.9.1&#8243; _module_preset=&#8221;8dd5f24d-b2af-4685-aec4-ce96489da771&#8243; background_color=&#8221;#a1490c&#8221; global_module=&#8221;236716&#8243; saved_tabs=&#8221;all&#8221;][et_pb_row column_structure=&#8221;1_3,1_3,1_3&#8243; disabled_on=&#8221;on|on|off&#8221; _builder_version=&#8221;4.9.1&#8243; _module_preset=&#8221;default&#8221;][et_pb_column type=&#8221;1_3&#8243; _builder_version=&#8221;4.9.1&#8243; _module_preset=&#8221;default&#8221;][et_pb_blurb title=&#8221;TELEFON&#8221; image=&#8221;https:\/\/www.residencestefenine.it\/wp-content\/uploads\/2021\/03\/phone.png&#8221; image_max_width=&#8221;50%&#8221; _builder_version=&#8221;4.9.1&#8243; _module_preset=&#8221;default&#8221; header_level=&#8221;h2&#8243; header_font=&#8221;Poppins|600|||||||&#8221; header_font_size=&#8221;14px&#8221; body_font=&#8221;Poppins|600|||||||&#8221; body_font_size=&#8221;20px&#8221; body_letter_spacing=&#8221;1px&#8221; text_orientation=&#8221;center&#8221; background_layout=&#8221;dark&#8221; custom_padding_tablet=&#8221;||20px||false|false&#8221; custom_padding_phone=&#8221;&#8221; custom_padding_last_edited=&#8221;on|phone&#8221; animation_style=&#8221;fade&#8221; animation_duration=&#8221;1250ms&#8221; border_color_all=&#8221;#E02B20&#8243; border_color_right=&#8221;rgba(255,255,255,0.25)&#8221; border_color_right_tablet=&#8221;RGBA(0,0,0,0)&#8221; border_color_right_phone=&#8221;&#8221; border_color_right_last_edited=&#8221;on|phone&#8221;]<\/p>\n<p><span style=\"color: #ffffff;\">0461 586965<\/span><\/p>\n<p>[\/et_pb_blurb][\/et_pb_column][et_pb_column type=&#8221;1_3&#8243; _builder_version=&#8221;4.8.1&#8243; _module_preset=&#8221;default&#8221;][et_pb_blurb title=&#8221;EMAIL&#8221; image=&#8221;https:\/\/www.residencestefenine.it\/wp-content\/uploads\/2021\/03\/MAIL.png&#8221; image_max_width=&#8221;50%&#8221; _builder_version=&#8221;4.9.1&#8243; _module_preset=&#8221;default&#8221; header_level=&#8221;h2&#8243; header_font=&#8221;Poppins|600|||||||&#8221; header_font_size=&#8221;14px&#8221; body_font=&#8221;Poppins|600|||||||&#8221; body_font_size=&#8221;20px&#8221; body_letter_spacing=&#8221;1px&#8221; text_orientation=&#8221;center&#8221; background_layout=&#8221;dark&#8221; custom_padding_tablet=&#8221;||20px||false|false&#8221; custom_padding_phone=&#8221;&#8221; custom_padding_last_edited=&#8221;on|tablet&#8221; animation_style=&#8221;fade&#8221; animation_duration=&#8221;1250ms&#8221; border_color_all=&#8221;#E02B20&#8243; border_color_right=&#8221;rgba(255,255,255,0.28)&#8221; border_color_right_tablet=&#8221;RGBA(0,0,0,0)&#8221; border_color_right_phone=&#8221;&#8221; border_color_right_last_edited=&#8221;on|tablet&#8221;]<\/p>\n<p>info@hoteldulac.it<\/p>\n<p>[\/et_pb_blurb][\/et_pb_column][et_pb_column type=&#8221;1_3&#8243; _builder_version=&#8221;4.8.1&#8243; _module_preset=&#8221;default&#8221;][et_pb_blurb title=&#8221;BUCHEN&#8221; image=&#8221;https:\/\/www.residencestefenine.it\/wp-content\/uploads\/2021\/03\/calendar-1.png&#8221; image_max_width=&#8221;50%&#8221; _builder_version=&#8221;4.9.1&#8243; _module_preset=&#8221;default&#8221; header_font=&#8221;Poppins|600|||||||&#8221; header_text_align=&#8221;center&#8221; header_text_color=&#8221;#FFFFFF&#8221; header_font_size=&#8221;14px&#8221; header_letter_spacing=&#8221;1px&#8221; body_font=&#8221;Poppins|600|||||||&#8221; body_text_align=&#8221;center&#8221; body_text_color=&#8221;#FFFFFF&#8221; body_font_size=&#8221;20px&#8221; animation_style=&#8221;fade&#8221; animation_duration=&#8221;1250ms&#8221;]<\/p>\n<div class=\"element element3\">Das beste Angebot sichern<\/div>\n<p>[\/et_pb_blurb][\/et_pb_column][\/et_pb_row][et_pb_row column_structure=&#8221;1_6,1_6,1_6,1_6,1_6,1_6&#8243; disabled_on=&#8221;off|off|on&#8221; _builder_version=&#8221;4.9.1&#8243; _module_preset=&#8221;default&#8221;][et_pb_column type=&#8221;1_6&#8243; _builder_version=&#8221;4.9.1&#8243; _module_preset=&#8221;default&#8221;][et_pb_blurb title=&#8221;TELEFON&#8221; image=&#8221;https:\/\/www.residencestefenine.it\/wp-content\/uploads\/2021\/03\/phone.png&#8221; image_max_width=&#8221;35%&#8221; disabled_on=&#8221;off|off|on&#8221; admin_label=&#8221;Blur&#8221; _builder_version=&#8221;4.9.1&#8243; _module_preset=&#8221;default&#8221; header_level=&#8221;h2&#8243; header_font=&#8221;Poppins|600|||||||&#8221; header_font_size=&#8221;14px&#8221; body_font=&#8221;Poppins|600|||||||&#8221; body_font_size=&#8221;16px&#8221; body_letter_spacing=&#8221;1px&#8221; text_orientation=&#8221;center&#8221; background_layout=&#8221;dark&#8221; custom_padding_tablet=&#8221;||20px||false|false&#8221; custom_padding_phone=&#8221;&#8221; custom_padding_last_edited=&#8221;on|phone&#8221; animation_style=&#8221;fade&#8221; animation_duration=&#8221;1250ms&#8221; border_color_all=&#8221;#E02B20&#8243; border_width_right=&#8221;1px&#8221; border_color_right=&#8221;rgba(255,255,255,0.25)&#8221; border_color_right_tablet=&#8221;RGBA(0,0,0,0)&#8221; border_color_right_phone=&#8221;&#8221; border_color_right_last_edited=&#8221;on|phone&#8221;]<\/p>\n<p><span style=\"color: #ffffff;\">0461 586965<\/span><\/p>\n<p>[\/et_pb_blurb][\/et_pb_column][et_pb_column type=&#8221;1_6&#8243; _builder_version=&#8221;4.8.1&#8243; _module_preset=&#8221;default&#8221;][et_pb_blurb title=&#8221;EMAIL&#8221; image=&#8221;https:\/\/www.residencestefenine.it\/wp-content\/uploads\/2021\/03\/MAIL.png&#8221; image_max_width=&#8221;35%&#8221; _builder_version=&#8221;4.9.1&#8243; _module_preset=&#8221;default&#8221; header_level=&#8221;h2&#8243; header_font=&#8221;Poppins|600|||||||&#8221; header_font_size=&#8221;14px&#8221; body_font=&#8221;Poppins|600|||||||&#8221; body_font_size=&#8221;16px&#8221; body_letter_spacing=&#8221;1px&#8221; text_orientation=&#8221;center&#8221; background_layout=&#8221;dark&#8221; custom_padding_tablet=&#8221;||20px||false|false&#8221; custom_padding_phone=&#8221;&#8221; custom_padding_last_edited=&#8221;on|tablet&#8221; animation_style=&#8221;fade&#8221; animation_duration=&#8221;1250ms&#8221; border_color_all=&#8221;#E02B20&#8243; border_width_right=&#8221;1px&#8221; border_color_right=&#8221;rgba(255,255,255,0.28)&#8221; border_color_right_tablet=&#8221;RGBA(0,0,0,0)&#8221; border_color_right_phone=&#8221;&#8221; border_color_right_last_edited=&#8221;on|tablet&#8221;]<\/p>\n<p>info@hoteldulac.it<\/p>\n<p>[\/et_pb_blurb][\/et_pb_column][et_pb_column type=&#8221;1_6&#8243; _builder_version=&#8221;4.8.1&#8243; _module_preset=&#8221;default&#8221;][et_pb_blurb title=&#8221;BUCHEN&#8221; image=&#8221;https:\/\/www.residencestefenine.it\/wp-content\/uploads\/2021\/03\/calendar-1.png&#8221; image_max_width=&#8221;35%&#8221; _builder_version=&#8221;4.9.1&#8243; _module_preset=&#8221;default&#8221; header_font=&#8221;Poppins|600|||||||&#8221; header_text_align=&#8221;center&#8221; header_text_color=&#8221;#FFFFFF&#8221; header_font_size=&#8221;14px&#8221; header_letter_spacing=&#8221;1px&#8221; body_font=&#8221;Poppins|600|||||||&#8221; body_text_align=&#8221;center&#8221; body_text_color=&#8221;#FFFFFF&#8221; body_font_size=&#8221;16px&#8221; animation_style=&#8221;fade&#8221; animation_duration=&#8221;1250ms&#8221;]<\/p>\n<div class=\"element element3\">Das beste Angebot sichern<\/div>\n<p>[\/et_pb_blurb][\/et_pb_column][et_pb_column type=&#8221;1_6&#8243; _builder_version=&#8221;4.8.1&#8243; _module_preset=&#8221;default&#8221;][\/et_pb_column][et_pb_column type=&#8221;1_6&#8243; _builder_version=&#8221;4.8.1&#8243; _module_preset=&#8221;default&#8221;][\/et_pb_column][et_pb_column type=&#8221;1_6&#8243; _builder_version=&#8221;4.8.1&#8243; _module_preset=&#8221;default&#8221;][\/et_pb_column][\/et_pb_row][\/et_pb_section][et_pb_section fb_built=&#8221;1&#8243; admin_label=&#8221;Section&#8221; _builder_version=&#8221;4.9.1&#8243; _module_preset=&#8221;default&#8221; width=&#8221;100%&#8221; max_width=&#8221;100%&#8221; custom_padding=&#8221;1px||0px|||&#8221; animation_style=&#8221;fade&#8221; global_module=&#8221;236708&#8243; saved_tabs=&#8221;all&#8221;][et_pb_row _builder_version=&#8221;4.9.1&#8243; _module_preset=&#8221;default&#8221; width_tablet=&#8221;100%&#8221; width_phone=&#8221;100%&#8221; width_last_edited=&#8221;on|desktop&#8221; custom_padding=&#8221;||0px||false|false&#8221;][et_pb_column type=&#8221;4_4&#8243; _builder_version=&#8221;4.8.1&#8243; _module_preset=&#8221;default&#8221;][et_pb_cta title=&#8221;Kontakt&#8221; _builder_version=&#8221;4.9.1&#8243; _module_preset=&#8221;default&#8221; header_level=&#8221;h1&#8243; header_font=&#8221;Poppins|600|||||||&#8221; header_text_color=&#8221;#998d85&#8243; header_font_size=&#8221;40px&#8221; body_font=&#8221;Open Sans||||||||&#8221; body_text_color=&#8221;#979191&#8243; body_letter_spacing=&#8221;1px&#8221; body_line_height=&#8221;1em&#8221; background_color=&#8221;RGBA(0,0,0,0)&#8221; custom_padding=&#8221;||2px|||&#8221;]<\/p>\n<p><span><\/span><\/p>\n<p><span>Residence Stefenine &#8211; via Lungolago 4 &#8211; 38018 <\/span><span>Molveno (TN)<\/span><span> &#8211; Italia<\/span><\/p>\n<p><strong>Tel. 0461586965 Fax. 0461 586247  <a href=\"mailto:info@hoteldulac.it\">info@hoteldulac.it<\/a><\/strong><\/p>\n<p><strong><\/strong><\/p>\n<p><strong><a href=\"https:\/\/www.residencestefenine.it\/de\/wie-sie-uns-erreichen\/\">ANREISE<\/a> | <a href=\"https:\/\/www.residencestefenine.it\/de\/wetter\/\">WETTER<\/a> | <a href=\"https:\/\/www.residencestefenine.it\/de\/nuetzliche-informationen\/\">N\u00dcTZLICHE INFORMATIONEN<\/a> | <a href=\"https:\/\/www.residencestefenine.it\/de\/bewertungen\/\">REVIEWS<\/a> <\/strong><\/p>\n<div class=\"elements\">\n<div class=\"innerContainer\" data-carousel=\"\" data-carousel-config=\"\" data-boxresizer=\".unitlist.list.layout9.carousel.cssversion1 article.element\" data-lightgallery=\"\" data-lightgallery-config=\"\">\n<article class=\"element bgteaseralternate\" data-unit-detaillink=\"https:\/\/www.hoteldulac.it\/it\/camere\/camere\/32-0.html\" data-unit-detaillink-target=\"\" data-adapt-height=\"false\" data-adapt-height-selector=\"header.pageheader\" data-adapt-height-min-width=\"-1\" data-adapt-height-min-height=\"-1\">\n<div class=\"image\" data-object-fit=\"\">\n<div class=\"picture\"><a title=\"ZIMMER\" href=\"https:\/\/www.hoteldulac.it\/it\/camere\/camere\/32-0.html\"><picture data-imageratio-x=\"1400\" data-imageratio-y=\"787\" class=\"\" data-alt=\"CAMERE &amp; SUITE\" data-lazyload-init=\"true\"><source media=\"(min-width: 1171px)\" srcset=\"\/images\/content\/1304334_81668_2_C_1400_787_0_458326513\/download.jpg\"><\/source><source media=\"(min-width: 801px)\" srcset=\"\/images\/content\/1304334_81668_2_C_1170_658_0_458326513\/download.jpg\"><\/source><source media=\"(min-width: 481px)\" srcset=\"\/images\/content\/1304334_81668_2_C_800_450_0_458326513\/download.jpg\"><\/source><source srcset=\"\/images\/content\/1304334_81668_2_C_480_270_0_458326513\/download.jpg\"><\/source><\/picture><\/a><\/div>\n<\/div>\n<\/article>\n<\/div>\n<\/div>\n<p>[\/et_pb_cta][\/et_pb_column][\/et_pb_row][et_pb_row _builder_version=&#8221;4.9.1&#8243; _module_preset=&#8221;default&#8221; custom_margin=&#8221;0px||||false|false&#8221; custom_padding=&#8221;0px||0px||false|false&#8221;][et_pb_column type=&#8221;4_4&#8243; _builder_version=&#8221;4.8.1&#8243; _module_preset=&#8221;default&#8221;][et_pb_social_media_follow icon_color=&#8221;gcid-c2889c22-1496-436a-b1ee-d8ba40fc28b2&#8243; _builder_version=&#8221;4.9.1&#8243; _module_preset=&#8221;default&#8221; text_orientation=&#8221;center&#8221; custom_margin=&#8221;||17px|||&#8221; custom_padding=&#8221;0px|||||&#8221; animation_style=&#8221;fade&#8221; global_colors_info=&#8221;{%22gcid-456496e3-ee3d-4ac0-a80c-675dd5a449c2%22:%91%93,%22gcid-c2889c22-1496-436a-b1ee-d8ba40fc28b2%22:%91%22icon_color%22%93}&#8221;][et_pb_social_media_follow_network social_network=&#8221;facebook&#8221; icon_color=&#8221;gcid-c2889c22-1496-436a-b1ee-d8ba40fc28b2&#8243; use_icon_font_size=&#8221;on&#8221; icon_font_size=&#8221;25px&#8221; _builder_version=&#8221;4.9.1&#8243; _module_preset=&#8221;default&#8221; background_color=&#8221;RGBA(0,0,0,0)&#8221; background_enable_color=&#8221;on&#8221; global_colors_info=&#8221;{%22gcid-456496e3-ee3d-4ac0-a80c-675dd5a449c2%22:%91%93,%22gcid-c2889c22-1496-436a-b1ee-d8ba40fc28b2%22:%91%22icon_color%22%93,%22gcid-f2119519-f0eb-4507-9c43-da5508c5c21f%22:%91%93}&#8221; follow_button=&#8221;off&#8221; url_new_window=&#8221;on&#8221;]facebook[\/et_pb_social_media_follow_network][et_pb_social_media_follow_network social_network=&#8221;instagram&#8221; icon_color=&#8221;gcid-c2889c22-1496-436a-b1ee-d8ba40fc28b2&#8243; use_icon_font_size=&#8221;on&#8221; icon_font_size=&#8221;25px&#8221; _builder_version=&#8221;4.9.1&#8243; _module_preset=&#8221;default&#8221; global_colors_info=&#8221;{%22gcid-456496e3-ee3d-4ac0-a80c-675dd5a449c2%22:%91%93,%22gcid-c2889c22-1496-436a-b1ee-d8ba40fc28b2%22:%91%22icon_color%22%93}&#8221; follow_button=&#8221;off&#8221; url_new_window=&#8221;on&#8221;]instagram[\/et_pb_social_media_follow_network][\/et_pb_social_media_follow][et_pb_cta _builder_version=&#8221;4.9.1&#8243; _module_preset=&#8221;default&#8221; header_level=&#8221;h1&#8243; header_font=&#8221;Lora||||||||&#8221; header_text_color=&#8221;#58544b&#8221; header_font_size=&#8221;40px&#8221; body_font=&#8221;Open Sans||||||||&#8221; body_text_color=&#8221;#979191&#8243; body_letter_spacing=&#8221;1px&#8221; body_line_height=&#8221;1em&#8221; background_color=&#8221;RGBA(0,0,0,0)&#8221; custom_margin=&#8221;||0px||false|false&#8221; custom_padding=&#8221;14px||0px||false|false&#8221;]<\/p>\n<p>Die Betriebe der Familie Cornella<\/p>\n<div class=\"elements\">\n<div class=\"innerContainer\" data-carousel=\"\" data-carousel-config=\"\" data-boxresizer=\".unitlist.list.layout9.carousel.cssversion1 article.element\" data-lightgallery=\"\" data-lightgallery-config=\"\">\n<article class=\"element bgteaseralternate\" data-unit-detaillink=\"https:\/\/www.hoteldulac.it\/it\/camere\/camere\/32-0.html\" data-unit-detaillink-target=\"\" data-adapt-height=\"false\" data-adapt-height-selector=\"header.pageheader\" data-adapt-height-min-width=\"-1\" data-adapt-height-min-height=\"-1\">\n<div class=\"image\" data-object-fit=\"\">\n<div class=\"picture\"><a title=\"ZIMMER\" href=\"https:\/\/www.hoteldulac.it\/it\/camere\/camere\/32-0.html\"><picture data-imageratio-x=\"1400\" data-imageratio-y=\"787\" class=\"\" data-alt=\"CAMERE &amp; SUITE\" data-lazyload-init=\"true\"><source media=\"(min-width: 1171px)\" srcset=\"\/images\/content\/1304334_81668_2_C_1400_787_0_458326513\/download.jpg\"><\/source><source media=\"(min-width: 801px)\" srcset=\"\/images\/content\/1304334_81668_2_C_1170_658_0_458326513\/download.jpg\"><\/source><source media=\"(min-width: 481px)\" srcset=\"\/images\/content\/1304334_81668_2_C_800_450_0_458326513\/download.jpg\"><\/source><source srcset=\"\/images\/content\/1304334_81668_2_C_480_270_0_458326513\/download.jpg\"><\/source><\/picture><\/a><\/div>\n<\/div>\n<\/article>\n<\/div>\n<\/div>\n<p>[\/et_pb_cta][\/et_pb_column][\/et_pb_row][et_pb_row column_structure=&#8221;1_3,1_3,1_3&#8243; disabled_on=&#8221;on|on|off&#8221; _builder_version=&#8221;4.9.1&#8243; _module_preset=&#8221;default&#8221; width=&#8221;50%&#8221; width_tablet=&#8221;&#8221; width_phone=&#8221;&#8221; width_last_edited=&#8221;on|phone&#8221; module_alignment=&#8221;center&#8221; custom_padding=&#8221;6px||||false|false&#8221;][et_pb_column type=&#8221;1_3&#8243; _builder_version=&#8221;4.9.1&#8243; _module_preset=&#8221;default&#8221; custom_padding=&#8221;8px|0px|0px|0px|false|false&#8221;][et_pb_image src=&#8221;https:\/\/www.residencestefenine.it\/wp-content\/uploads\/2022\/01\/Logo-Du-LacFOOTER.png&#8221; title_text=&#8221;Logo-Du-Lac(FOOTER)&#8221; url=&#8221;https:\/\/www.hoteldulac.it\/it\/informazione\/index\/1-0.html&#8221; align=&#8221;right&#8221; _builder_version=&#8221;4.9.1&#8243; _module_preset=&#8221;default&#8221; width=&#8221;40%&#8221;][\/et_pb_image][\/et_pb_column][et_pb_column type=&#8221;1_3&#8243; _builder_version=&#8221;4.9.1&#8243; _module_preset=&#8221;default&#8221; custom_css_main_element=&#8221;display:inline-block;&#8221;][et_pb_image src=&#8221;https:\/\/www.residencestefenine.it\/wp-content\/uploads\/2023\/02\/rio-piccolo-logo-grigio.png&#8221; title_text=&#8221;rio-piccolo-logo-grigio&#8221; url=&#8221;https:\/\/vmu.zra.mybluehost.me\/riopiccolo2021\/&#8221; align=&#8221;center&#8221; _builder_version=&#8221;4.9.1&#8243; _module_preset=&#8221;default&#8221; width=&#8221;40%&#8221; custom_margin=&#8221;3px||||false|false&#8221; custom_padding=&#8221;13px||||false|false&#8221;][\/et_pb_image][\/et_pb_column][et_pb_column type=&#8221;1_3&#8243; _builder_version=&#8221;4.9.1&#8243; _module_preset=&#8221;default&#8221;][et_pb_image src=&#8221;https:\/\/www.residencestefenine.it\/wp-content\/uploads\/2022\/01\/la-dispensa-.png&#8221; title_text=&#8221;la-dispensa-&#8221; url=&#8221;https:\/\/www.ristoranteladispensa.it\/&#8221; _builder_version=&#8221;4.9.1&#8243; _module_preset=&#8221;default&#8221; width=&#8221;25%&#8221; custom_padding=&#8221;0px||||false|false&#8221;][\/et_pb_image][\/et_pb_column][\/et_pb_row][et_pb_row disabled_on=&#8221;off|off|on&#8221; _builder_version=&#8221;4.9.1&#8243; _module_preset=&#8221;default&#8221;][et_pb_column type=&#8221;4_4&#8243; _builder_version=&#8221;4.9.1&#8243; _module_preset=&#8221;default&#8221;][et_pb_image src=&#8221;https:\/\/www.residencestefenine.it\/wp-content\/uploads\/2022\/01\/Logo-Du-LacFOOTER.png&#8221; title_text=&#8221;Logo-Du-Lac(FOOTER)&#8221; url=&#8221;https:\/\/www.hoteldulac.it\/it\/informazione\/index\/1-0.html&#8221; align=&#8221;center&#8221; _builder_version=&#8221;4.9.1&#8243; _module_preset=&#8221;default&#8221; width=&#8221;30%&#8221; custom_padding=&#8221;||20px||false|false&#8221;][\/et_pb_image][et_pb_image src=&#8221;https:\/\/www.residencestefenine.it\/wp-content\/uploads\/2023\/02\/rio-piccolo-logo-grigio.png&#8221; title_text=&#8221;rio-piccolo-logo-grigio&#8221; url=&#8221;https:\/\/vmu.zra.mybluehost.me\/riopiccolo2021&#8243; align=&#8221;center&#8221; _builder_version=&#8221;4.9.1&#8243; _module_preset=&#8221;default&#8221; width=&#8221;30%&#8221; width_tablet=&#8221;25%&#8221; width_phone=&#8221;25%&#8221; width_last_edited=&#8221;on|phone&#8221; custom_padding=&#8221;||20px||false|false&#8221;][\/et_pb_image][et_pb_image src=&#8221;https:\/\/www.residencestefenine.it\/wp-content\/uploads\/2022\/01\/la-dispensa-.png&#8221; title_text=&#8221;la-dispensa-&#8221; url=&#8221;https:\/\/www.ristoranteladispensa.it\/&#8221; align=&#8221;center&#8221; _builder_version=&#8221;4.9.1&#8243; _module_preset=&#8221;default&#8221; width=&#8221;20%&#8221; width_tablet=&#8221;20%&#8221; width_phone=&#8221;&#8221; width_last_edited=&#8221;on|tablet&#8221;][\/et_pb_image][\/et_pb_column][\/et_pb_row][et_pb_row _builder_version=&#8221;4.9.1&#8243; _module_preset=&#8221;default&#8221; background_color=&#8221;gcid-8c963cd8-a024-4540-9b31-1499baad90bf&#8221; width=&#8221;100%&#8221; max_width=&#8221;2560px&#8221; module_alignment=&#8221;center&#8221; custom_margin=&#8221;0px||||false|false&#8221; custom_padding=&#8221;20px||20px||false|false&#8221; animation_style=&#8221;fade&#8221; sticky_limit_top=&#8221;section&#8221; global_colors_info=&#8221;{%22gcid-a7ef2208-d0ee-489d-ab30-23da9b767d83%22:%91%93,%22gcid-8c963cd8-a024-4540-9b31-1499baad90bf%22:%91%22background_color%22%93,%22gcid-2dc3c369-2605-4e6c-844a-25e5650e1c3d%22:%91%93,%22gcid-33c2a7d3-386f-4e83-90be-52abfa6951d3%22:%91%93,%22gcid-c2889c22-1496-436a-b1ee-d8ba40fc28b2%22:%91%93,%22gcid-456496e3-ee3d-4ac0-a80c-675dd5a449c2%22:%91%93,%22gcid-2ec92bf7-ea86-43d9-83bf-fef3ede00bcd%22:%91%93,%22gcid-16858e3d-47e4-4caf-a25a-5facd8febf05%22:%91%93,%22gcid-a1d6ec2d-87fc-4f51-a7dc-b765ad7994b4%22:%91%93}&#8221;][et_pb_column type=&#8221;4_4&#8243; _builder_version=&#8221;4.9.1&#8243; _module_preset=&#8221;default&#8221;][et_pb_text _builder_version=&#8221;4.9.1&#8243; _module_preset=&#8221;default&#8221; text_text_color=&#8221;gcid-f2119519-f0eb-4507-9c43-da5508c5c21f&#8221; text_font_size=&#8221;12px&#8221; text_letter_spacing=&#8221;1px&#8221; global_colors_info=&#8221;{%22gcid-456496e3-ee3d-4ac0-a80c-675dd5a449c2%22:%91%93,%22gcid-16858e3d-47e4-4caf-a25a-5facd8febf05%22:%91%93,%22gcid-33c2a7d3-386f-4e83-90be-52abfa6951d3%22:%91%93,%22gcid-a1d6ec2d-87fc-4f51-a7dc-b765ad7994b4%22:%91%93,%22gcid-f2119519-f0eb-4507-9c43-da5508c5c21f%22:%91%22text_text_color%22%93}&#8221;]<\/p>\n<p style=\"text-align: center;\">\u00a9 <span itemprop=\"copyrightYear\">2022<\/span> <span itemprop=\"copyrightHolder\">Residence Rio Piccolo &#8211; <a href=\"https:\/\/www.residencestefenine.it\/de\/datenschutzerklaerung\/\">Datenschutzerkl\u00e4rung<\/a><\/span> <a href=\"https:\/\/www.residencestefenine.it\/de\/cookies\/\"><span itemprop=\"copyrightHolder\">&#8211; Cookies<\/span><\/a> <a href=\"https:\/\/www.residencestefenine.it\/de\/credits\/\"><span itemprop=\"copyrightHolder\">&#8211; Credits<\/span><\/a> <a href=\"https:\/\/www.residencestefenine.it\/de\/sitemap\/\"><span itemprop=\"copyrightHolder\">&#8211; Sitemap<\/span><\/a><\/p>\n<p>[\/et_pb_text][\/et_pb_column][\/et_pb_row][\/et_pb_section]<\/p>\n","protected":false},"excerpt":{"rendered":"<p>&nbsp; MIT DEM AUTO: Autobahn A22 Modena\u2013Brennero, von der Ausfahrt S. Michele all\u2019Adige f\u00e4hrt man \u00fcber die S.S. 43 nach Mezzolombardo und dann biegt man links auf die S.P. 64 nach Fai della Paganella, Andalo und Molveno ab (20km) oder man biegt erst an der n\u00e4chsten Kreuzung links ab auf die S.S. 21 nach Spormaggiore [&hellip;]<\/p>\n","protected":false},"author":1,"featured_media":0,"parent":0,"menu_order":0,"comment_status":"closed","ping_status":"closed","template":"","meta":{"nf_dc_page":"","_et_pb_use_builder":"on","_et_pb_old_content":"","_et_gb_content_width":"","om_disable_all_campaigns":false,"_monsterinsights_skip_tracking":false,"_monsterinsights_sitenote_active":false,"_monsterinsights_sitenote_note":"","_monsterinsights_sitenote_category":0,"footnotes":""},"class_list":["post-238110","page","type-page","status-publish","hentry"],"aioseo_notices":[],"_links":{"self":[{"href":"https:\/\/www.residencestefenine.it\/de\/wp-json\/wp\/v2\/pages\/238110","targetHints":{"allow":["GET"]}}],"collection":[{"href":"https:\/\/www.residencestefenine.it\/de\/wp-json\/wp\/v2\/pages"}],"about":[{"href":"https:\/\/www.residencestefenine.it\/de\/wp-json\/wp\/v2\/types\/page"}],"author":[{"embeddable":true,"href":"https:\/\/www.residencestefenine.it\/de\/wp-json\/wp\/v2\/users\/1"}],"replies":[{"embeddable":true,"href":"https:\/\/www.residencestefenine.it\/de\/wp-json\/wp\/v2\/comments?post=238110"}],"version-history":[{"count":20,"href":"https:\/\/www.residencestefenine.it\/de\/wp-json\/wp\/v2\/pages\/238110\/revisions"}],"predecessor-version":[{"id":239290,"href":"https:\/\/www.residencestefenine.it\/de\/wp-json\/wp\/v2\/pages\/238110\/revisions\/239290"}],"wp:attachment":[{"href":"https:\/\/www.residencestefenine.it\/de\/wp-json\/wp\/v2\/media?parent=238110"}],"curies":[{"name":"wp","href":"https:\/\/api.w.org\/{rel}","templated":true}]}}